{"id":106,"date":"2020-10-20T17:46:19","date_gmt":"2020-10-20T15:46:19","guid":{"rendered":"http:\/\/kislabas.hu\/?page_id=106"},"modified":"2021-08-30T11:39:06","modified_gmt":"2021-08-30T09:39:06","slug":"hazhozszallitas","status":"publish","type":"page","link":"https:\/\/kislabas.hu\/index.php\/hazhozszallitas\/","title":{"rendered":"H\u00e1zhozsz\u00e1ll\u00edt\u00e1s"},"content":{"rendered":"<p>&nbsp;<\/p>\n<p><img loading=\"lazy\" decoding=\"async\" class=\"aligncenter size-full wp-image-357\" src=\"https:\/\/kislabas.hu\/wp-content\/uploads\/2021\/08\/kiszall_uj.jpg\" alt=\"\" width=\"1240\" height=\"1754\" srcset=\"https:\/\/kislabas.hu\/wp-content\/uploads\/2021\/08\/kiszall_uj.jpg 1240w, https:\/\/kislabas.hu\/wp-content\/uploads\/2021\/08\/kiszall_uj-212x300.jpg 212w, https:\/\/kislabas.hu\/wp-content\/uploads\/2021\/08\/kiszall_uj-724x1024.jpg 724w, https:\/\/kislabas.hu\/wp-content\/uploads\/2021\/08\/kiszall_uj-768x1086.jpg 768w, https:\/\/kislabas.hu\/wp-content\/uploads\/2021\/08\/kiszall_uj-1086x1536.jpg 1086w\" sizes=\"auto, (max-width: 1240px) 100vw, 1240px\" \/><\/p>\n","protected":false},"excerpt":{"rendered":"<p>&nbsp;<\/p>\n","protected":false},"author":6,"featured_media":0,"parent":0,"menu_order":0,"comment_status":"closed","ping_status":"closed","template":"","meta":{"footnotes":""},"class_list":["post-106","page","type-page","status-publish","hentry"],"_links":{"self":[{"href":"https:\/\/kislabas.hu\/index.php\/wp-json\/wp\/v2\/pages\/106","targetHints":{"allow":["GET"]}}],"collection":[{"href":"https:\/\/kislabas.hu\/index.php\/wp-json\/wp\/v2\/pages"}],"about":[{"href":"https:\/\/kislabas.hu\/index.php\/wp-json\/wp\/v2\/types\/page"}],"author":[{"embeddable":true,"href":"https:\/\/kislabas.hu\/index.php\/wp-json\/wp\/v2\/users\/6"}],"replies":[{"embeddable":true,"href":"https:\/\/kislabas.hu\/index.php\/wp-json\/wp\/v2\/comments?post=106"}],"version-history":[{"count":3,"href":"https:\/\/kislabas.hu\/index.php\/wp-json\/wp\/v2\/pages\/106\/revisions"}],"predecessor-version":[{"id":358,"href":"https:\/\/kislabas.hu\/index.php\/wp-json\/wp\/v2\/pages\/106\/revisions\/358"}],"wp:attachment":[{"href":"https:\/\/kislabas.hu\/index.php\/wp-json\/wp\/v2\/media?parent=106"}],"curies":[{"name":"wp","href":"https:\/\/api.w.org\/{rel}","templated":true}]}}