{"id":10,"date":"2020-08-31T09:44:52","date_gmt":"2020-08-31T07:44:52","guid":{"rendered":"http:\/\/kislabas.hu\/?page_id=10"},"modified":"2021-08-30T11:40:21","modified_gmt":"2021-08-30T09:40:21","slug":"elerhetoseg","status":"publish","type":"page","link":"https:\/\/kislabas.hu\/index.php\/elerhetoseg\/","title":{"rendered":"El\u00e9rhet\u0151s\u00e9g"},"content":{"rendered":"<p><span style=\"text-decoration: underline; font-family: georgia, palatino, serif; font-size: 12pt;\">C\u00edm:<\/span><\/p>\n<p><span style=\"font-family: georgia, palatino, serif; font-size: 12pt;\">Miskolc, \u00c1rp\u00e1d utca 26-28.<\/span><\/p>\n<p><span style=\"font-family: georgia, palatino, serif; font-size: 12pt;\"><span style=\"text-decoration: underline;\">Tel.:<\/span><\/span><\/p>\n<p><span style=\"font-family: georgia, palatino, serif; font-size: 12pt;\">70\/628-47-47<\/span><\/p>\n<p><span style=\"font-family: georgia, palatino, serif; font-size: 12pt;\">E-mail: <a rel=\"noopener noreferrer\" href=\"mailto:gastrobukk@gmail.com\" target=\"_blank\">gastrobukk@gmail.com<\/a><\/span><\/p>\n<p><span style=\"text-decoration: underline; font-family: georgia, palatino, serif; font-size: 12pt;\">Nyitvatart\u00e1s:<\/span><\/p>\n<p><span style=\"font-family: georgia, palatino, serif; font-size: 12pt;\">H-P: 11-16<\/span><\/p>\n<p><span style=\"font-family: georgia, palatino, serif; font-size: 12pt;\">SZ-V: z\u00e1rva<\/span><\/p>\n","protected":false},"excerpt":{"rendered":"<p>C\u00edm: Miskolc, \u00c1rp\u00e1d utca 26-28. Tel.: 70\/628-47-47 E-mail: gastrobukk@gmail.com Nyitvatart\u00e1s: H-P: 11-16 SZ-V: z\u00e1rva<\/p>\n","protected":false},"author":1,"featured_media":0,"parent":0,"menu_order":0,"comment_status":"closed","ping_status":"closed","template":"","meta":{"footnotes":""},"class_list":["post-10","page","type-page","status-publish","hentry"],"_links":{"self":[{"href":"https:\/\/kislabas.hu\/index.php\/wp-json\/wp\/v2\/pages\/10","targetHints":{"allow":["GET"]}}],"collection":[{"href":"https:\/\/kislabas.hu\/index.php\/wp-json\/wp\/v2\/pages"}],"about":[{"href":"https:\/\/kislabas.hu\/index.php\/wp-json\/wp\/v2\/types\/page"}],"author":[{"embeddable":true,"href":"https:\/\/kislabas.hu\/index.php\/wp-json\/wp\/v2\/users\/1"}],"replies":[{"embeddable":true,"href":"https:\/\/kislabas.hu\/index.php\/wp-json\/wp\/v2\/comments?post=10"}],"version-history":[{"count":8,"href":"https:\/\/kislabas.hu\/index.php\/wp-json\/wp\/v2\/pages\/10\/revisions"}],"predecessor-version":[{"id":359,"href":"https:\/\/kislabas.hu\/index.php\/wp-json\/wp\/v2\/pages\/10\/revisions\/359"}],"wp:attachment":[{"href":"https:\/\/kislabas.hu\/index.php\/wp-json\/wp\/v2\/media?parent=10"}],"curies":[{"name":"wp","href":"https:\/\/api.w.org\/{rel}","templated":true}]}}